{"id":67,"date":"2020-09-17T07:29:08","date_gmt":"2020-09-17T07:29:08","guid":{"rendered":"https:\/\/chisvertstudios.com\/services\/"},"modified":"2023-04-17T16:15:08","modified_gmt":"2023-04-17T16:15:08","slug":"services","status":"publish","type":"page","link":"https:\/\/chisvertstudios.com\/en\/services\/","title":{"rendered":"Services"},"content":{"rendered":"<div class=\"wp-block-cover alignfull is-light is-position-center-center\" style=\"min-height:230px;aspect-ratio:unset;\"><span aria-hidden=\"true\" class=\"wp-block-cover__background has-ast-global-color-8-background-color has-background-dim\"><\/span><img loading=\"lazy\" decoding=\"async\" width=\"2500\" height=\"1406\" class=\"wp-block-cover__image-background wp-image-7\" alt=\"\" src=\"https:\/\/chisvertstudios.com\/wp-content\/uploads\/2022\/06\/chisvert2.jpg\" data-object-fit=\"cover\" srcset=\"https:\/\/chisvertstudios.com\/wp-content\/uploads\/2022\/06\/chisvert2.jpg 2500w, https:\/\/chisvertstudios.com\/wp-content\/uploads\/2022\/06\/chisvert2-300x169.jpg 300w, https:\/\/chisvertstudios.com\/wp-content\/uploads\/2022\/06\/chisvert2-1024x576.jpg 1024w, https:\/\/chisvertstudios.com\/wp-content\/uploads\/2022\/06\/chisvert2-768x432.jpg 768w, https:\/\/chisvertstudios.com\/wp-content\/uploads\/2022\/06\/chisvert2-1536x864.jpg 1536w, https:\/\/chisvertstudios.com\/wp-content\/uploads\/2022\/06\/chisvert2-2048x1152.jpg 2048w\" sizes=\"auto, (max-width: 2500px) 100vw, 2500px\" \/><div class=\"wp-block-cover__inner-container is-layout-flow wp-block-cover-is-layout-flow\">\n<div style=\"height:150px\" aria-hidden=\"true\" class=\"wp-block-spacer\"><\/div>\n\n\n\n<div class=\"wp-block-columns alignwide are-vertically-aligned-center is-layout-flex wp-container-core-columns-is-layout-28f84493 wp-block-columns-is-layout-flex\">\n<div class=\"wp-block-column is-vertically-aligned-center is-layout-flow wp-block-column-is-layout-flow\">\n<h1 class=\"wp-block-heading has-white-color has-text-color\">Services<\/h1>\n<\/div>\n\n\n\n<div class=\"wp-block-column is-vertically-aligned-center is-layout-flow wp-block-column-is-layout-flow\">\n<h2 class=\"wp-block-heading has-text-align-right has-white-color has-text-color\"><\/h2>\n<\/div>\n<\/div>\n<\/div><\/div>\n\n\n\n<div class=\"inherit-container-width wp-block-group alignfull has-ast-global-color-5-background-color has-background is-layout-constrained wp-block-group-is-layout-constrained\"><div class=\"wp-block-group__inner-container\">\n<div class=\"wp-block-media-text alignwide has-media-on-the-right is-stacked-on-mobile is-vertically-aligned-top is-image-fill\" style=\"grid-template-columns:auto 37%\"><div class=\"wp-block-media-text__content\">\n<h3 class=\"wp-block-heading\">ACCOMMODATION<\/h3>\n\n\n\n<p>Brand new accommodation with designer furniture and modern distribution, with a complete service.<\/p>\n<\/div><figure class=\"wp-block-media-text__media\" style=\"background-image:url(https:\/\/chisvertstudios.com\/wp-content\/uploads\/2022\/06\/chisvert1-1024x576.jpg);background-position:50% 50%\"><img loading=\"lazy\" decoding=\"async\" width=\"1024\" height=\"576\" src=\"https:\/\/chisvertstudios.com\/wp-content\/uploads\/2022\/06\/chisvert1-1024x576.jpg\" alt=\"\" class=\"wp-image-6 size-full\" srcset=\"https:\/\/chisvertstudios.com\/wp-content\/uploads\/2022\/06\/chisvert1-1024x576.jpg 1024w, https:\/\/chisvertstudios.com\/wp-content\/uploads\/2022\/06\/chisvert1-300x169.jpg 300w, https:\/\/chisvertstudios.com\/wp-content\/uploads\/2022\/06\/chisvert1-768x432.jpg 768w, https:\/\/chisvertstudios.com\/wp-content\/uploads\/2022\/06\/chisvert1-1536x864.jpg 1536w, https:\/\/chisvertstudios.com\/wp-content\/uploads\/2022\/06\/chisvert1-2048x1152.jpg 2048w\" sizes=\"auto, (max-width: 1024px) 100vw, 1024px\" \/><\/figure><\/div>\n\n\n\n<div style=\"height:15px\" aria-hidden=\"true\" class=\"wp-block-spacer\"><\/div>\n\n\n\n<div class=\"wp-block-media-text alignwide has-media-on-the-right is-stacked-on-mobile is-vertically-aligned-top is-image-fill\" style=\"grid-template-columns:auto 37%\"><div class=\"wp-block-media-text__content\">\n<h3 class=\"wp-block-heading\">PRIVATE KITCHEN<\/h3>\n\n\n\n<p>Kitchen, refrigerator and everything you need to cook without depending on schedules or mandatory menus. Possibility of food service.<\/p>\n<\/div><figure class=\"wp-block-media-text__media\" style=\"background-image:url(https:\/\/chisvertstudios.com\/wp-content\/uploads\/2022\/06\/chisvert2-1024x576.jpg);background-position:50% 50%\"><img loading=\"lazy\" decoding=\"async\" width=\"1024\" height=\"576\" src=\"https:\/\/chisvertstudios.com\/wp-content\/uploads\/2022\/06\/chisvert2-1024x576.jpg\" alt=\"\" class=\"wp-image-7 size-full\" srcset=\"https:\/\/chisvertstudios.com\/wp-content\/uploads\/2022\/06\/chisvert2-1024x576.jpg 1024w, https:\/\/chisvertstudios.com\/wp-content\/uploads\/2022\/06\/chisvert2-300x169.jpg 300w, https:\/\/chisvertstudios.com\/wp-content\/uploads\/2022\/06\/chisvert2-768x432.jpg 768w, https:\/\/chisvertstudios.com\/wp-content\/uploads\/2022\/06\/chisvert2-1536x864.jpg 1536w, https:\/\/chisvertstudios.com\/wp-content\/uploads\/2022\/06\/chisvert2-2048x1152.jpg 2048w\" sizes=\"auto, (max-width: 1024px) 100vw, 1024px\" \/><\/figure><\/div>\n\n\n\n<div style=\"height:15px\" aria-hidden=\"true\" class=\"wp-block-spacer\"><\/div>\n\n\n\n<div class=\"wp-block-media-text alignwide has-media-on-the-right is-stacked-on-mobile is-vertically-aligned-top is-image-fill\" style=\"grid-template-columns:auto 37%\"><div class=\"wp-block-media-text__content\">\n<h3 class=\"wp-block-heading\">CLEANING<\/h3>\n\n\n\n<p>Cleaning two days a week with weekly change of towels and sheets. We take care of you so you don&#039;t have to worry.<\/p>\n<\/div><figure class=\"wp-block-media-text__media\" style=\"background-image:url(https:\/\/chisvertstudios.com\/wp-content\/uploads\/2022\/06\/chisvert1-1024x576.jpg);background-position:50% 50%\"><img loading=\"lazy\" decoding=\"async\" width=\"1024\" height=\"576\" src=\"https:\/\/chisvertstudios.com\/wp-content\/uploads\/2022\/06\/chisvert1-1024x576.jpg\" alt=\"\" class=\"wp-image-6 size-full\" srcset=\"https:\/\/chisvertstudios.com\/wp-content\/uploads\/2022\/06\/chisvert1-1024x576.jpg 1024w, https:\/\/chisvertstudios.com\/wp-content\/uploads\/2022\/06\/chisvert1-300x169.jpg 300w, https:\/\/chisvertstudios.com\/wp-content\/uploads\/2022\/06\/chisvert1-768x432.jpg 768w, https:\/\/chisvertstudios.com\/wp-content\/uploads\/2022\/06\/chisvert1-1536x864.jpg 1536w, https:\/\/chisvertstudios.com\/wp-content\/uploads\/2022\/06\/chisvert1-2048x1152.jpg 2048w\" sizes=\"auto, (max-width: 1024px) 100vw, 1024px\" \/><\/figure><\/div>\n\n\n\n<div style=\"height:15px\" aria-hidden=\"true\" class=\"wp-block-spacer\"><\/div>\n\n\n\n<div class=\"wp-block-media-text alignwide has-media-on-the-right is-stacked-on-mobile is-vertically-aligned-top is-image-fill\" style=\"grid-template-columns:auto 37%\"><div class=\"wp-block-media-text__content\">\n<h3 class=\"wp-block-heading\">LAUNDRY<\/h3>\n\n\n\n<p>We wash your clothes on request, apart from maintaining the room with weekly change of towels and sheets.<\/p>\n<\/div><figure class=\"wp-block-media-text__media\" style=\"background-image:url(https:\/\/chisvertstudios.com\/wp-content\/uploads\/2022\/06\/chisvert2-1024x576.jpg);background-position:50% 50%\"><img loading=\"lazy\" decoding=\"async\" width=\"1024\" height=\"576\" src=\"https:\/\/chisvertstudios.com\/wp-content\/uploads\/2022\/06\/chisvert2-1024x576.jpg\" alt=\"\" class=\"wp-image-7 size-full\" srcset=\"https:\/\/chisvertstudios.com\/wp-content\/uploads\/2022\/06\/chisvert2-1024x576.jpg 1024w, https:\/\/chisvertstudios.com\/wp-content\/uploads\/2022\/06\/chisvert2-300x169.jpg 300w, https:\/\/chisvertstudios.com\/wp-content\/uploads\/2022\/06\/chisvert2-768x432.jpg 768w, https:\/\/chisvertstudios.com\/wp-content\/uploads\/2022\/06\/chisvert2-1536x864.jpg 1536w, https:\/\/chisvertstudios.com\/wp-content\/uploads\/2022\/06\/chisvert2-2048x1152.jpg 2048w\" sizes=\"auto, (max-width: 1024px) 100vw, 1024px\" \/><\/figure><\/div>\n\n\n\n<div style=\"height:15px\" aria-hidden=\"true\" class=\"wp-block-spacer\"><\/div>\n\n\n\n<div class=\"wp-block-media-text alignwide has-media-on-the-right is-stacked-on-mobile is-vertically-aligned-top is-image-fill\" style=\"grid-template-columns:auto 37%\"><div class=\"wp-block-media-text__content\">\n<h3 class=\"wp-block-heading\">FIBER OPTIC INTERNET<\/h3>\n\n\n\n<p>New fiber optic installation with 2G and 5G Wi-Fi, everything you need to communicate and study comfortably.<\/p>\n<\/div><figure class=\"wp-block-media-text__media\" style=\"background-image:url(https:\/\/chisvertstudios.com\/wp-content\/uploads\/2022\/06\/chisvert1-1024x576.jpg);background-position:50% 50%\"><img loading=\"lazy\" decoding=\"async\" width=\"1024\" height=\"576\" src=\"https:\/\/chisvertstudios.com\/wp-content\/uploads\/2022\/06\/chisvert1-1024x576.jpg\" alt=\"\" class=\"wp-image-6 size-full\" srcset=\"https:\/\/chisvertstudios.com\/wp-content\/uploads\/2022\/06\/chisvert1-1024x576.jpg 1024w, https:\/\/chisvertstudios.com\/wp-content\/uploads\/2022\/06\/chisvert1-300x169.jpg 300w, https:\/\/chisvertstudios.com\/wp-content\/uploads\/2022\/06\/chisvert1-768x432.jpg 768w, https:\/\/chisvertstudios.com\/wp-content\/uploads\/2022\/06\/chisvert1-1536x864.jpg 1536w, https:\/\/chisvertstudios.com\/wp-content\/uploads\/2022\/06\/chisvert1-2048x1152.jpg 2048w\" sizes=\"auto, (max-width: 1024px) 100vw, 1024px\" \/><\/figure><\/div>\n\n\n\n<div style=\"height:15px\" aria-hidden=\"true\" class=\"wp-block-spacer\"><\/div>\n\n\n\n<div class=\"wp-block-media-text alignwide has-media-on-the-right is-stacked-on-mobile is-vertically-aligned-top is-image-fill\" style=\"grid-template-columns:auto 37%\"><div class=\"wp-block-media-text__content\">\n<h3 class=\"wp-block-heading\">AND MUCH MORE<\/h3>\n\n\n\n<p>And also enjoy the best study environment, respect and camaraderie, for a unique stay in Valencia.<\/p>\n<\/div><figure class=\"wp-block-media-text__media\" style=\"background-image:url(https:\/\/chisvertstudios.com\/wp-content\/uploads\/2022\/06\/chisvert2-1024x576.jpg);background-position:50% 50%\"><img loading=\"lazy\" decoding=\"async\" width=\"1024\" height=\"576\" src=\"https:\/\/chisvertstudios.com\/wp-content\/uploads\/2022\/06\/chisvert2-1024x576.jpg\" alt=\"\" class=\"wp-image-7 size-full\" srcset=\"https:\/\/chisvertstudios.com\/wp-content\/uploads\/2022\/06\/chisvert2-1024x576.jpg 1024w, https:\/\/chisvertstudios.com\/wp-content\/uploads\/2022\/06\/chisvert2-300x169.jpg 300w, https:\/\/chisvertstudios.com\/wp-content\/uploads\/2022\/06\/chisvert2-768x432.jpg 768w, https:\/\/chisvertstudios.com\/wp-content\/uploads\/2022\/06\/chisvert2-1536x864.jpg 1536w, https:\/\/chisvertstudios.com\/wp-content\/uploads\/2022\/06\/chisvert2-2048x1152.jpg 2048w\" sizes=\"auto, (max-width: 1024px) 100vw, 1024px\" \/><\/figure><\/div>\n<\/div><\/div>\n\n\n\n<div class=\"inherit-container-width wp-block-group alignfull has-ast-global-color-2-background-color has-background is-layout-constrained wp-block-group-is-layout-constrained\"><div class=\"wp-block-group__inner-container\">\n<div class=\"wp-block-media-text is-stacked-on-mobile is-vertically-aligned-center\"><figure class=\"wp-block-media-text__media\"><img loading=\"lazy\" decoding=\"async\" width=\"1024\" height=\"576\" src=\"https:\/\/chisvertstudios.com\/wp-content\/uploads\/2022\/06\/chisvert2-1024x576.jpg\" alt=\"\" class=\"wp-image-7 size-full\" srcset=\"https:\/\/chisvertstudios.com\/wp-content\/uploads\/2022\/06\/chisvert2-1024x576.jpg 1024w, https:\/\/chisvertstudios.com\/wp-content\/uploads\/2022\/06\/chisvert2-300x169.jpg 300w, https:\/\/chisvertstudios.com\/wp-content\/uploads\/2022\/06\/chisvert2-768x432.jpg 768w, https:\/\/chisvertstudios.com\/wp-content\/uploads\/2022\/06\/chisvert2-1536x864.jpg 1536w, https:\/\/chisvertstudios.com\/wp-content\/uploads\/2022\/06\/chisvert2-2048x1152.jpg 2048w\" sizes=\"auto, (max-width: 1024px) 100vw, 1024px\" \/><\/figure><div class=\"wp-block-media-text__content\">\n<div class=\"inherit-container-width wp-block-group is-layout-constrained wp-block-group-is-layout-constrained\"><div class=\"wp-block-group__inner-container\">\n<h3 class=\"wp-block-heading has-white-color has-text-color\">call us<\/h3>\n\n\n\n<p class=\"has-cyan-bluish-gray-color has-text-color\">We will be happy to assist you, answer any questions and help you plan your arrival in Valencia.<\/p>\n\n\n\n<h2 class=\"wp-block-heading has-white-color has-text-color\"><strong>+34 679 163 852<\/strong><\/h2>\n\n\n\n<p>(call hours 7:00 p.m. to 9:00 p.m.)<\/p>\n\n\n\n<h4 class=\"wp-block-heading has-ast-global-color-5-color has-text-color\">Prices between <strong>\u00a0800\u20ac y 1100\u20ac IVA incluido<\/strong><\/h4>\n<\/div><\/div>\n<\/div><\/div>\n<\/div><\/div>","protected":false},"excerpt":{"rendered":"<p>ALOJAMIENTO Alojamientos a estrenar con muebles de dise\u00f1o y distribuci\u00f3n moderna, con un completo servicio. COCINA PRIVADA Cocina, frigor\u00edfico y todo lo necesario para cocinar sin depender de horarios ni men\u00fas obligatorios. Posibilidad de servicio de comida. LIMPIEZA Limpieza dos d\u00edas a la semana con cambio semanal de toallas y s\u00e1banas. Te cuidamos para que [&hellip;]<\/p>","protected":false},"author":1,"featured_media":0,"parent":0,"menu_order":0,"comment_status":"closed","ping_status":"closed","template":"","meta":{"site-sidebar-layout":"no-sidebar","site-content-layout":"plain-container","ast-site-content-layout":"default","site-content-style":"default","site-sidebar-style":"default","ast-global-header-display":"","ast-banner-title-visibility":"","ast-main-header-display":"","ast-hfb-above-header-display":"","ast-hfb-below-header-display":"","ast-hfb-mobile-header-display":"","site-post-title":"disabled","ast-breadcrumbs-content":"","ast-featured-img":"","footer-sml-layout":"","ast-disable-related-posts":"","theme-transparent-header-meta":"enabled","adv-header-id-meta":"","stick-header-meta":"","header-above-stick-meta":"","header-main-stick-meta":"","header-below-stick-meta":"","astra-migrate-meta-layouts":"default","ast-page-background-enabled":"default","ast-page-background-meta":{"desktop":{"background-color":"","background-image":"","background-repeat":"repeat","background-position":"center center","background-size":"auto","background-attachment":"scroll","background-type":"","background-media":"","overlay-type":"","overlay-color":"","overlay-opacity":"","overlay-gradient":""},"tablet":{"background-color":"","background-image":"","background-repeat":"repeat","background-position":"center center","background-size":"auto","background-attachment":"scroll","background-type":"","background-media":"","overlay-type":"","overlay-color":"","overlay-opacity":"","overlay-gradient":""},"mobile":{"background-color":"","background-image":"","background-repeat":"repeat","background-position":"center center","background-size":"auto","background-attachment":"scroll","background-type":"","background-media":"","overlay-type":"","overlay-color":"","overlay-opacity":"","overlay-gradient":""}},"ast-content-background-meta":{"desktop":{"background-color":"var(--ast-global-color-5)","background-image":"","background-repeat":"repeat","background-position":"center center","background-size":"auto","background-attachment":"scroll","background-type":"","background-media":"","overlay-type":"","overlay-color":"","overlay-opacity":"","overlay-gradient":""},"tablet":{"background-color":"var(--ast-global-color-5)","background-image":"","background-repeat":"repeat","background-position":"center center","background-size":"auto","background-attachment":"scroll","background-type":"","background-media":"","overlay-type":"","overlay-color":"","overlay-opacity":"","overlay-gradient":""},"mobile":{"background-color":"var(--ast-global-color-5)","background-image":"","background-repeat":"repeat","background-position":"center center","background-size":"auto","background-attachment":"scroll","background-type":"","background-media":"","overlay-type":"","overlay-color":"","overlay-opacity":"","overlay-gradient":""}},"footnotes":""},"class_list":["post-67","page","type-page","status-publish","hentry"],"yoast_head":"<!-- This site is optimized with the Yoast SEO plugin v26.6 - https:\/\/yoast.com\/wordpress\/plugins\/seo\/ -->\n<title>Servicios - Chisvert Studios<\/title>\n<meta name=\"robots\" content=\"index, follow, max-snippet:-1, max-image-preview:large, max-video-preview:-1\" \/>\n<link rel=\"canonical\" href=\"https:\/\/chisvertstudios.com\/en\/services\/\" \/>\n<meta property=\"og:locale\" content=\"en_GB\" \/>\n<meta property=\"og:type\" content=\"article\" \/>\n<meta property=\"og:title\" content=\"Servicios - Chisvert Studios\" \/>\n<meta property=\"og:description\" content=\"ALOJAMIENTO Alojamientos a estrenar con muebles de dise\u00f1o y distribuci\u00f3n moderna, con un completo servicio. COCINA PRIVADA Cocina, frigor\u00edfico y todo lo necesario para cocinar sin depender de horarios ni men\u00fas obligatorios. Posibilidad de servicio de comida. LIMPIEZA Limpieza dos d\u00edas a la semana con cambio semanal de toallas y s\u00e1banas. Te cuidamos para que [&hellip;]\" \/>\n<meta property=\"og:url\" content=\"https:\/\/chisvertstudios.com\/en\/services\/\" \/>\n<meta property=\"og:site_name\" content=\"Chisvert Studios\" \/>\n<meta property=\"article:modified_time\" content=\"2023-04-17T16:15:08+00:00\" \/>\n<meta property=\"og:image\" content=\"https:\/\/chisvertstudios.com\/wp-content\/uploads\/2022\/06\/chisvert2.jpg\" \/>\n<meta name=\"twitter:card\" content=\"summary_large_image\" \/>\n<meta name=\"twitter:label1\" content=\"Estimated reading time\" \/>\n\t<meta name=\"twitter:data1\" content=\"3 minutes\" \/>\n<script type=\"application\/ld+json\" class=\"yoast-schema-graph\">{\"@context\":\"https:\/\/schema.org\",\"@graph\":[{\"@type\":\"WebPage\",\"@id\":\"https:\/\/chisvertstudios.com\/services\/\",\"url\":\"https:\/\/chisvertstudios.com\/services\/\",\"name\":\"Servicios - Chisvert Studios\",\"isPartOf\":{\"@id\":\"https:\/\/chisvertstudios.com\/#website\"},\"primaryImageOfPage\":{\"@id\":\"https:\/\/chisvertstudios.com\/services\/#primaryimage\"},\"image\":{\"@id\":\"https:\/\/chisvertstudios.com\/services\/#primaryimage\"},\"thumbnailUrl\":\"https:\/\/chisvertstudios.com\/wp-content\/uploads\/2022\/06\/chisvert2.jpg\",\"datePublished\":\"2020-09-17T07:29:08+00:00\",\"dateModified\":\"2023-04-17T16:15:08+00:00\",\"breadcrumb\":{\"@id\":\"https:\/\/chisvertstudios.com\/services\/#breadcrumb\"},\"inLanguage\":\"en-GB\",\"potentialAction\":[{\"@type\":\"ReadAction\",\"target\":[\"https:\/\/chisvertstudios.com\/services\/\"]}]},{\"@type\":\"ImageObject\",\"inLanguage\":\"en-GB\",\"@id\":\"https:\/\/chisvertstudios.com\/services\/#primaryimage\",\"url\":\"https:\/\/chisvertstudios.com\/wp-content\/uploads\/2022\/06\/chisvert2.jpg\",\"contentUrl\":\"https:\/\/chisvertstudios.com\/wp-content\/uploads\/2022\/06\/chisvert2.jpg\"},{\"@type\":\"BreadcrumbList\",\"@id\":\"https:\/\/chisvertstudios.com\/services\/#breadcrumb\",\"itemListElement\":[{\"@type\":\"ListItem\",\"position\":1,\"name\":\"Portada\",\"item\":\"https:\/\/chisvertstudios.com\/\"},{\"@type\":\"ListItem\",\"position\":2,\"name\":\"Servicios\"}]},{\"@type\":\"WebSite\",\"@id\":\"https:\/\/chisvertstudios.com\/#website\",\"url\":\"https:\/\/chisvertstudios.com\/\",\"name\":\"Chisvert Studios\",\"description\":\"Residencia de estudiantes en Alfara\",\"potentialAction\":[{\"@type\":\"SearchAction\",\"target\":{\"@type\":\"EntryPoint\",\"urlTemplate\":\"https:\/\/chisvertstudios.com\/?s={search_term_string}\"},\"query-input\":{\"@type\":\"PropertyValueSpecification\",\"valueRequired\":true,\"valueName\":\"search_term_string\"}}],\"inLanguage\":\"en-GB\"}]}<\/script>\n<!-- \/ Yoast SEO plugin. -->","yoast_head_json":{"title":"Servicios - Chisvert Studios","robots":{"index":"index","follow":"follow","max-snippet":"max-snippet:-1","max-image-preview":"max-image-preview:large","max-video-preview":"max-video-preview:-1"},"canonical":"https:\/\/chisvertstudios.com\/en\/services\/","og_locale":"en_GB","og_type":"article","og_title":"Servicios - Chisvert Studios","og_description":"ALOJAMIENTO Alojamientos a estrenar con muebles de dise\u00f1o y distribuci\u00f3n moderna, con un completo servicio. COCINA PRIVADA Cocina, frigor\u00edfico y todo lo necesario para cocinar sin depender de horarios ni men\u00fas obligatorios. Posibilidad de servicio de comida. LIMPIEZA Limpieza dos d\u00edas a la semana con cambio semanal de toallas y s\u00e1banas. Te cuidamos para que [&hellip;]","og_url":"https:\/\/chisvertstudios.com\/en\/services\/","og_site_name":"Chisvert Studios","article_modified_time":"2023-04-17T16:15:08+00:00","og_image":[{"url":"https:\/\/chisvertstudios.com\/wp-content\/uploads\/2022\/06\/chisvert2.jpg","type":"","width":"","height":""}],"twitter_card":"summary_large_image","twitter_misc":{"Estimated reading time":"3 minutes"},"schema":{"@context":"https:\/\/schema.org","@graph":[{"@type":"WebPage","@id":"https:\/\/chisvertstudios.com\/services\/","url":"https:\/\/chisvertstudios.com\/services\/","name":"Servicios - Chisvert Studios","isPartOf":{"@id":"https:\/\/chisvertstudios.com\/#website"},"primaryImageOfPage":{"@id":"https:\/\/chisvertstudios.com\/services\/#primaryimage"},"image":{"@id":"https:\/\/chisvertstudios.com\/services\/#primaryimage"},"thumbnailUrl":"https:\/\/chisvertstudios.com\/wp-content\/uploads\/2022\/06\/chisvert2.jpg","datePublished":"2020-09-17T07:29:08+00:00","dateModified":"2023-04-17T16:15:08+00:00","breadcrumb":{"@id":"https:\/\/chisvertstudios.com\/services\/#breadcrumb"},"inLanguage":"en-GB","potentialAction":[{"@type":"ReadAction","target":["https:\/\/chisvertstudios.com\/services\/"]}]},{"@type":"ImageObject","inLanguage":"en-GB","@id":"https:\/\/chisvertstudios.com\/services\/#primaryimage","url":"https:\/\/chisvertstudios.com\/wp-content\/uploads\/2022\/06\/chisvert2.jpg","contentUrl":"https:\/\/chisvertstudios.com\/wp-content\/uploads\/2022\/06\/chisvert2.jpg"},{"@type":"BreadcrumbList","@id":"https:\/\/chisvertstudios.com\/services\/#breadcrumb","itemListElement":[{"@type":"ListItem","position":1,"name":"Portada","item":"https:\/\/chisvertstudios.com\/"},{"@type":"ListItem","position":2,"name":"Servicios"}]},{"@type":"WebSite","@id":"https:\/\/chisvertstudios.com\/#website","url":"https:\/\/chisvertstudios.com\/","name":"Chisvert Studios","description":"Student residence in Alfara","potentialAction":[{"@type":"SearchAction","target":{"@type":"EntryPoint","urlTemplate":"https:\/\/chisvertstudios.com\/?s={search_term_string}"},"query-input":{"@type":"PropertyValueSpecification","valueRequired":true,"valueName":"search_term_string"}}],"inLanguage":"en-GB"}]}},"_links":{"self":[{"href":"https:\/\/chisvertstudios.com\/en\/wp-json\/wp\/v2\/pages\/67","targetHints":{"allow":["GET"]}}],"collection":[{"href":"https:\/\/chisvertstudios.com\/en\/wp-json\/wp\/v2\/pages"}],"about":[{"href":"https:\/\/chisvertstudios.com\/en\/wp-json\/wp\/v2\/types\/page"}],"author":[{"embeddable":true,"href":"https:\/\/chisvertstudios.com\/en\/wp-json\/wp\/v2\/users\/1"}],"replies":[{"embeddable":true,"href":"https:\/\/chisvertstudios.com\/en\/wp-json\/wp\/v2\/comments?post=67"}],"version-history":[{"count":17,"href":"https:\/\/chisvertstudios.com\/en\/wp-json\/wp\/v2\/pages\/67\/revisions"}],"predecessor-version":[{"id":444,"href":"https:\/\/chisvertstudios.com\/en\/wp-json\/wp\/v2\/pages\/67\/revisions\/444"}],"wp:attachment":[{"href":"https:\/\/chisvertstudios.com\/en\/wp-json\/wp\/v2\/media?parent=67"}],"curies":[{"name":"wp","href":"https:\/\/api.w.org\/{rel}","templated":true}]}}