{"id":33,"date":"2020-09-17T07:28:34","date_gmt":"2020-09-17T07:28:34","guid":{"rendered":"https:\/\/chisvertstudios.com\/contact\/"},"modified":"2022-06-20T10:04:40","modified_gmt":"2022-06-20T10:04:40","slug":"contacto","status":"publish","type":"page","link":"https:\/\/chisvertstudios.com\/en\/contacto\/","title":{"rendered":"Contact"},"content":{"rendered":"<div class=\"wp-block-cover alignfull is-light is-position-center-center\" style=\"min-height:230px;aspect-ratio:unset;\"><span aria-hidden=\"true\" class=\"wp-block-cover__background has-ast-global-color-8-background-color has-background-dim\"><\/span><img loading=\"lazy\" decoding=\"async\" width=\"2500\" height=\"1406\" class=\"wp-block-cover__image-background wp-image-7\" alt=\"\" src=\"https:\/\/chisvertstudios.com\/wp-content\/uploads\/2022\/06\/chisvert2.jpg\" data-object-fit=\"cover\" srcset=\"https:\/\/chisvertstudios.com\/wp-content\/uploads\/2022\/06\/chisvert2.jpg 2500w, https:\/\/chisvertstudios.com\/wp-content\/uploads\/2022\/06\/chisvert2-300x169.jpg 300w, https:\/\/chisvertstudios.com\/wp-content\/uploads\/2022\/06\/chisvert2-1024x576.jpg 1024w, https:\/\/chisvertstudios.com\/wp-content\/uploads\/2022\/06\/chisvert2-768x432.jpg 768w, https:\/\/chisvertstudios.com\/wp-content\/uploads\/2022\/06\/chisvert2-1536x864.jpg 1536w, https:\/\/chisvertstudios.com\/wp-content\/uploads\/2022\/06\/chisvert2-2048x1152.jpg 2048w\" sizes=\"auto, (max-width: 2500px) 100vw, 2500px\" \/><div class=\"wp-block-cover__inner-container is-layout-flow wp-block-cover-is-layout-flow\">\n<div style=\"height:150px\" aria-hidden=\"true\" class=\"wp-block-spacer\"><\/div>\n\n\n\n<div class=\"wp-block-columns alignwide are-vertically-aligned-center is-layout-flex wp-container-core-columns-is-layout-28f84493 wp-block-columns-is-layout-flex\">\n<div class=\"wp-block-column is-vertically-aligned-center is-layout-flow wp-block-column-is-layout-flow\">\n<h1 class=\"has-white-color has-text-color wp-block-heading\">Contact<\/h1>\n<\/div>\n\n\n\n<div class=\"wp-block-column is-vertically-aligned-center is-layout-flow wp-block-column-is-layout-flow\">\n<h2 class=\"has-text-align-right has-white-color has-text-color wp-block-heading\"><\/h2>\n<\/div>\n<\/div>\n<\/div><\/div>\n\n\n\n<div class=\"wp-block-group alignfull has-ast-global-color-5-background-color has-background is-layout-flow wp-block-group-is-layout-flow\"><div class=\"wp-block-group__inner-container\">\n<div class=\"wp-block-columns are-vertically-aligned-top is-layout-flex wp-container-core-columns-is-layout-28f84493 wp-block-columns-is-layout-flex\">\n<div class=\"wp-block-column is-vertically-aligned-top is-layout-flow wp-block-column-is-layout-flow\">\n<h2 class=\"wp-block-heading\">VISIT US<\/h2>\n\n\n\n<p>We will be happy to assist you<\/p>\n\n\n\n<h6 class=\"wp-block-heading\">ADDRESS<\/h6>\n\n\n\n<p>C\/ Ram\u00f3n Llin 26<br>Alfara del Patriarca, Valencia<\/p>\n\n\n\n<h6 class=\"wp-block-heading\">E-mail<\/h6>\n\n\n\n<p>chisvertstudios@gmail.com<\/p>\n\n\n\n<h6 class=\"wp-block-heading\">CALL US<\/h6>\n\n\n\n<h2 class=\"has-ast-global-color-0-color has-text-color wp-block-heading\">+<strong>34 679 163 852<\/strong><\/h2>\n\n\n\n<p>Call hours 7:00 p.m. to 9:00 p.m.<\/p>\n<\/div>\n\n\n\n<div class=\"wp-block-column is-vertically-aligned-top is-layout-flow wp-block-column-is-layout-flow\">\n<div class=\"wp-block-group has-ast-global-color-4-background-color has-background is-layout-flow wp-block-group-is-layout-flow\"><div class=\"wp-block-group__inner-container\">\n<h2 class=\"wp-block-heading\">CONTACT<\/h2>\n\n\n<div class=\"wpforms-container wpforms-block\" id=\"wpforms-8\"><form id=\"wpforms-form-8\" class=\"wpforms-validate wpforms-form\" data-formid=\"8\" method=\"post\" enctype=\"multipart\/form-data\" action=\"\/en\/wp-json\/wp\/v2\/pages\/33\" data-token=\"26cfe524d65bbd929513eae649498c31\" data-token-time=\"1776520127\" data-trp-original-action=\"\/en\/wp-json\/wp\/v2\/pages\/33\"><noscript class=\"wpforms-error-noscript\">Please enable JavaScript in your browser to complete this form.<\/noscript><div class=\"wpforms-field-container\"><div id=\"wpforms-8-field_0-container\" class=\"wpforms-field wpforms-field-name\" data-field-id=\"0\"><label class=\"wpforms-field-label\" for=\"wpforms-8-field_0\">Name <span class=\"wpforms-required-label\">*<\/span><\/label><input type=\"text\" id=\"wpforms-8-field_0\" class=\"wpforms-field-large wpforms-field-required\" name=\"wpforms[fields][0]\" required><\/div><div id=\"wpforms-8-field_1-container\" class=\"wpforms-field wpforms-field-email\" data-field-id=\"1\"><label class=\"wpforms-field-label\" for=\"wpforms-8-field_1\">E-mail <span class=\"wpforms-required-label\">*<\/span><\/label><input type=\"email\" id=\"wpforms-8-field_1\" class=\"wpforms-field-large wpforms-field-required\" name=\"wpforms[fields][1]\" spellcheck=\"false\" required><\/div><div id=\"wpforms-8-field_7-container\" class=\"wpforms-field wpforms-field-text\" data-field-id=\"7\"><label class=\"wpforms-field-label\" for=\"wpforms-8-field_7\">Telephone <span class=\"wpforms-required-label\">*<\/span><\/label><input type=\"text\" id=\"wpforms-8-field_7\" class=\"wpforms-field-medium wpforms-field-required\" name=\"wpforms[fields][7]\" required><\/div><div id=\"wpforms-8-field_2-container\" class=\"wpforms-field wpforms-field-textarea\" data-field-id=\"2\"><label class=\"wpforms-field-label\" for=\"wpforms-8-field_2\">how can we help you? <span class=\"wpforms-required-label\">*<\/span><\/label><textarea id=\"wpforms-8-field_2\" class=\"wpforms-field-medium wpforms-field-required\" name=\"wpforms[fields][2]\" required><\/textarea><\/div><div id=\"wpforms-8-field_6-container\" class=\"wpforms-field wpforms-field-checkbox\" data-field-id=\"6\"><label class=\"wpforms-field-label\">Privacy Policy <span class=\"wpforms-required-label\">*<\/span><\/label><ul id=\"wpforms-8-field_6\" class=\"wpforms-field-required\"><li class=\"choice-1 depth-1\"><input type=\"checkbox\" id=\"wpforms-8-field_6_1\" name=\"wpforms[fields][6][]\" value=\"Acepto la Pol\u00edtica de Privacidad\" required><label class=\"wpforms-field-label-inline\" for=\"wpforms-8-field_6_1\">I accept the Privacy Policy<\/label><\/li><\/ul><\/div><\/div><!-- .wpforms-field-container --><div class=\"wpforms-field wpforms-field-hp\"><label for=\"wpforms-8-field-hp\" class=\"wpforms-field-label\">E-mail<\/label><input type=\"text\" name=\"wpforms[hp]\" id=\"wpforms-8-field-hp\" class=\"wpforms-field-medium\"><\/div><div class=\"wpforms-recaptcha-container wpforms-is-hcaptcha\" ><div class=\"h-captcha\" data-sitekey=\"f772f332-486a-409b-8fa5-1d070faa90ba\"><\/div><input type=\"text\" name=\"g-recaptcha-hidden\" class=\"wpforms-recaptcha-hidden\" style=\"position:absolute!important;clip:rect(0,0,0,0)!important;height:1px!important;width:1px!important;border:0!important;overflow:hidden!important;padding:0!important;margin:0!important;\" data-rule-hcaptcha=\"1\"><\/div><div class=\"wpforms-submit-container\" ><input type=\"hidden\" name=\"wpforms[id]\" value=\"8\"><input type=\"hidden\" name=\"page_title\" value=\"\"><input type=\"hidden\" name=\"page_url\" value=\"https:\/\/chisvertstudios.com\/en\/wp-json\/wp\/v2\/pages\/33\"><input type=\"hidden\" name=\"url_referer\" value=\"\"><button type=\"submit\" name=\"wpforms[submit]\" id=\"wpforms-submit-8\" class=\"wpforms-submit\" data-alt-text=\"Enviando ...\" data-submit-text=\"Enviar\" aria-live=\"assertive\" value=\"wpforms-submit\">Send<\/button><\/div><input type=\"hidden\" name=\"trp-form-language\" value=\"en\"\/><\/form><\/div>  <!-- .wpforms-container --><\/div><\/div>\n\n\n\n<div style=\"height:41px\" aria-hidden=\"true\" class=\"wp-block-spacer\"><\/div>\n\n\n\n<div class=\"argpd-informar\">\n\t<p class=\"argpd-informar-title\">Informaci\u00f3n b\u00e1sica sobre protecci\u00f3n de datos <span class=\"argpd-mas\">Ver m\u00e1s<\/span><\/p>\n\t<ul>\n\t\t<li>\n\t\t\t<b>Responsable:<\/b>&nbsp;Bartolom\u00e9 Chisvert Garrig\u00f3s.\n\t\t<\/li>\n\t\t<li><b>Finalidad:<\/b>&nbsp;\n\t\t\tComply with the contracted service\n\t\t<\/li>\n\t\t<li><b>Legitimaci\u00f3n:<\/b>&nbsp;\n\t\t\tExecution of the contract\n\n\t\t<li><b>Destinatarios y encargados de tratamiento:<\/b>&nbsp;\n\t\t\t\tThe data is not transferred\n\n\t\t<\/li>\n\t\t<li>\n\t\t\t<b>Derechos:<\/b>&nbsp;Acceder, rectificar y suprimir los datos.\n\t\t<\/li>\n\t\t<li>\n\t\t\t<b>Informaci\u00f3n Adicional:<\/b>&nbsp;Puede consultar la informaci\u00f3n detallada en la <a target=\"_noblank\" href=\"https:\/\/chisvertstudios.com\/en\/politica-privacidad\/\">Privacy Policy<\/a>.<\/li>\n\t<\/ul>\n<\/div>\n\n<\/div>\n<\/div>\n<\/div><\/div>\n\n\n\n<div class=\"wp-block-group alignfull has-ast-global-color-5-background-color has-background is-layout-flow wp-block-group-is-layout-flow\"><div class=\"wp-block-group__inner-container\">\n<hr class=\"wp-block-separator has-text-color has-ast-global-color-3-color has-css-opacity has-ast-global-color-3-background-color has-background is-style-wide\"\/>\n<\/div><\/div>\n\n\n\n<div class=\"wp-block-group alignfull has-ast-global-color-5-background-color has-background is-layout-flow wp-block-group-is-layout-flow\"><div class=\"wp-block-group__inner-container\">\n<iframe src=\"https:\/\/www.google.com\/maps\/embed?pb=!1m18!1m12!1m3!1d3076.636710693092!2d-0.3883177846350924!3d39.54524871610074!2m3!1f0!2f0!3f0!3m2!1i1024!2i768!4f13.1!3m3!1m2!1s0xd60443cfd770901%3A0xa4ec49e0b3cea24e!2sC.%20Don%20Emilio%20Ram%C3%B3n%20Llin%2C%2026%2C%2046115%20Alfara%20del%20Patriarca%2C%20Valencia!5e0!3m2!1ses-419!2ses!4v1655719351741!5m2!1ses-419!2ses\" width=\"100%\" height=\"550\" style=\"border:0;\" allowfullscreen=\"\" loading=\"lazy\" referrerpolicy=\"no-referrer-when-downgrade\"><\/iframe>\n<\/div><\/div>","protected":false},"excerpt":{"rendered":"<p>VIS\u00cdTANOS Estaremos encantados de atenderte DIRECCI\u00d3N C\/Ram\u00f3n Llin 26Alfara del Patriarca, Valencia Email chisvertstudios@gmail.com LL\u00c1MANOS +34&nbsp;679 163 852 Horario de llamada 19h a 21h CONTACTO<\/p>","protected":false},"author":1,"featured_media":0,"parent":0,"menu_order":0,"comment_status":"closed","ping_status":"closed","template":"","meta":{"site-sidebar-layout":"no-sidebar","site-content-layout":"plain-container","ast-site-content-layout":"default","site-content-style":"default","site-sidebar-style":"default","ast-global-header-display":"","ast-banner-title-visibility":"","ast-main-header-display":"","ast-hfb-above-header-display":"","ast-hfb-below-header-display":"","ast-hfb-mobile-header-display":"","site-post-title":"disabled","ast-breadcrumbs-content":"","ast-featured-img":"","footer-sml-layout":"","ast-disable-related-posts":"","theme-transparent-header-meta":"enabled","adv-header-id-meta":"","stick-header-meta":"","header-above-stick-meta":"","header-main-stick-meta":"","header-below-stick-meta":"","astra-migrate-meta-layouts":"default","ast-page-background-enabled":"default","ast-page-background-meta":{"desktop":{"background-color":"","background-image":"","background-repeat":"repeat","background-position":"center center","background-size":"auto","background-attachment":"scroll","background-type":"","background-media":"","overlay-type":"","overlay-color":"","overlay-opacity":"","overlay-gradient":""},"tablet":{"background-color":"","background-image":"","background-repeat":"repeat","background-position":"center center","background-size":"auto","background-attachment":"scroll","background-type":"","background-media":"","overlay-type":"","overlay-color":"","overlay-opacity":"","overlay-gradient":""},"mobile":{"background-color":"","background-image":"","background-repeat":"repeat","background-position":"center center","background-size":"auto","background-attachment":"scroll","background-type":"","background-media":"","overlay-type":"","overlay-color":"","overlay-opacity":"","overlay-gradient":""}},"ast-content-background-meta":{"desktop":{"background-color":"var(--ast-global-color-5)","background-image":"","background-repeat":"repeat","background-position":"center center","background-size":"auto","background-attachment":"scroll","background-type":"","background-media":"","overlay-type":"","overlay-color":"","overlay-opacity":"","overlay-gradient":""},"tablet":{"background-color":"var(--ast-global-color-5)","background-image":"","background-repeat":"repeat","background-position":"center center","background-size":"auto","background-attachment":"scroll","background-type":"","background-media":"","overlay-type":"","overlay-color":"","overlay-opacity":"","overlay-gradient":""},"mobile":{"background-color":"var(--ast-global-color-5)","background-image":"","background-repeat":"repeat","background-position":"center center","background-size":"auto","background-attachment":"scroll","background-type":"","background-media":"","overlay-type":"","overlay-color":"","overlay-opacity":"","overlay-gradient":""}},"footnotes":""},"class_list":["post-33","page","type-page","status-publish","hentry"],"yoast_head":"<!-- This site is optimized with the Yoast SEO plugin v26.6 - https:\/\/yoast.com\/wordpress\/plugins\/seo\/ -->\n<title>Contacto - Chisvert Studios<\/title>\n<meta name=\"robots\" content=\"index, follow, max-snippet:-1, max-image-preview:large, max-video-preview:-1\" \/>\n<link rel=\"canonical\" href=\"https:\/\/chisvertstudios.com\/en\/contacto\/\" \/>\n<meta property=\"og:locale\" content=\"en_GB\" \/>\n<meta property=\"og:type\" content=\"article\" \/>\n<meta property=\"og:title\" content=\"Contacto - Chisvert Studios\" \/>\n<meta property=\"og:description\" content=\"VIS\u00cdTANOS Estaremos encantados de atenderte DIRECCI\u00d3N C\/Ram\u00f3n Llin 26Alfara del Patriarca, Valencia Email chisvertstudios@gmail.com LL\u00c1MANOS +34&nbsp;679 163 852 Horario de llamada 19h a 21h CONTACTO\" \/>\n<meta property=\"og:url\" content=\"https:\/\/chisvertstudios.com\/en\/contacto\/\" \/>\n<meta property=\"og:site_name\" content=\"Chisvert Studios\" \/>\n<meta property=\"article:modified_time\" content=\"2022-06-20T10:04:40+00:00\" \/>\n<meta property=\"og:image\" content=\"https:\/\/chisvertstudios.com\/wp-content\/uploads\/2022\/06\/chisvert2.jpg\" \/>\n<meta name=\"twitter:card\" content=\"summary_large_image\" \/>\n<meta name=\"twitter:label1\" content=\"Estimated reading time\" \/>\n\t<meta name=\"twitter:data1\" content=\"1 minute\" \/>\n<script type=\"application\/ld+json\" class=\"yoast-schema-graph\">{\"@context\":\"https:\/\/schema.org\",\"@graph\":[{\"@type\":\"WebPage\",\"@id\":\"https:\/\/chisvertstudios.com\/contacto\/\",\"url\":\"https:\/\/chisvertstudios.com\/contacto\/\",\"name\":\"Contacto - Chisvert Studios\",\"isPartOf\":{\"@id\":\"https:\/\/chisvertstudios.com\/#website\"},\"primaryImageOfPage\":{\"@id\":\"https:\/\/chisvertstudios.com\/contacto\/#primaryimage\"},\"image\":{\"@id\":\"https:\/\/chisvertstudios.com\/contacto\/#primaryimage\"},\"thumbnailUrl\":\"https:\/\/chisvertstudios.com\/wp-content\/uploads\/2022\/06\/chisvert2.jpg\",\"datePublished\":\"2020-09-17T07:28:34+00:00\",\"dateModified\":\"2022-06-20T10:04:40+00:00\",\"breadcrumb\":{\"@id\":\"https:\/\/chisvertstudios.com\/contacto\/#breadcrumb\"},\"inLanguage\":\"en-GB\",\"potentialAction\":[{\"@type\":\"ReadAction\",\"target\":[\"https:\/\/chisvertstudios.com\/contacto\/\"]}]},{\"@type\":\"ImageObject\",\"inLanguage\":\"en-GB\",\"@id\":\"https:\/\/chisvertstudios.com\/contacto\/#primaryimage\",\"url\":\"https:\/\/chisvertstudios.com\/wp-content\/uploads\/2022\/06\/chisvert2.jpg\",\"contentUrl\":\"https:\/\/chisvertstudios.com\/wp-content\/uploads\/2022\/06\/chisvert2.jpg\"},{\"@type\":\"BreadcrumbList\",\"@id\":\"https:\/\/chisvertstudios.com\/contacto\/#breadcrumb\",\"itemListElement\":[{\"@type\":\"ListItem\",\"position\":1,\"name\":\"Portada\",\"item\":\"https:\/\/chisvertstudios.com\/\"},{\"@type\":\"ListItem\",\"position\":2,\"name\":\"Contacto\"}]},{\"@type\":\"WebSite\",\"@id\":\"https:\/\/chisvertstudios.com\/#website\",\"url\":\"https:\/\/chisvertstudios.com\/\",\"name\":\"Chisvert Studios\",\"description\":\"Residencia de estudiantes en Alfara\",\"potentialAction\":[{\"@type\":\"SearchAction\",\"target\":{\"@type\":\"EntryPoint\",\"urlTemplate\":\"https:\/\/chisvertstudios.com\/?s={search_term_string}\"},\"query-input\":{\"@type\":\"PropertyValueSpecification\",\"valueRequired\":true,\"valueName\":\"search_term_string\"}}],\"inLanguage\":\"en-GB\"}]}<\/script>\n<!-- \/ Yoast SEO plugin. -->","yoast_head_json":{"title":"Contacto - Chisvert Studios","robots":{"index":"index","follow":"follow","max-snippet":"max-snippet:-1","max-image-preview":"max-image-preview:large","max-video-preview":"max-video-preview:-1"},"canonical":"https:\/\/chisvertstudios.com\/en\/contacto\/","og_locale":"en_GB","og_type":"article","og_title":"Contacto - Chisvert Studios","og_description":"VIS\u00cdTANOS Estaremos encantados de atenderte DIRECCI\u00d3N C\/Ram\u00f3n Llin 26Alfara del Patriarca, Valencia Email chisvertstudios@gmail.com LL\u00c1MANOS +34&nbsp;679 163 852 Horario de llamada 19h a 21h CONTACTO","og_url":"https:\/\/chisvertstudios.com\/en\/contacto\/","og_site_name":"Chisvert Studios","article_modified_time":"2022-06-20T10:04:40+00:00","og_image":[{"url":"https:\/\/chisvertstudios.com\/wp-content\/uploads\/2022\/06\/chisvert2.jpg","type":"","width":"","height":""}],"twitter_card":"summary_large_image","twitter_misc":{"Estimated reading time":"1 minute"},"schema":{"@context":"https:\/\/schema.org","@graph":[{"@type":"WebPage","@id":"https:\/\/chisvertstudios.com\/contacto\/","url":"https:\/\/chisvertstudios.com\/contacto\/","name":"Contacto - Chisvert Studios","isPartOf":{"@id":"https:\/\/chisvertstudios.com\/#website"},"primaryImageOfPage":{"@id":"https:\/\/chisvertstudios.com\/contacto\/#primaryimage"},"image":{"@id":"https:\/\/chisvertstudios.com\/contacto\/#primaryimage"},"thumbnailUrl":"https:\/\/chisvertstudios.com\/wp-content\/uploads\/2022\/06\/chisvert2.jpg","datePublished":"2020-09-17T07:28:34+00:00","dateModified":"2022-06-20T10:04:40+00:00","breadcrumb":{"@id":"https:\/\/chisvertstudios.com\/contacto\/#breadcrumb"},"inLanguage":"en-GB","potentialAction":[{"@type":"ReadAction","target":["https:\/\/chisvertstudios.com\/contacto\/"]}]},{"@type":"ImageObject","inLanguage":"en-GB","@id":"https:\/\/chisvertstudios.com\/contacto\/#primaryimage","url":"https:\/\/chisvertstudios.com\/wp-content\/uploads\/2022\/06\/chisvert2.jpg","contentUrl":"https:\/\/chisvertstudios.com\/wp-content\/uploads\/2022\/06\/chisvert2.jpg"},{"@type":"BreadcrumbList","@id":"https:\/\/chisvertstudios.com\/contacto\/#breadcrumb","itemListElement":[{"@type":"ListItem","position":1,"name":"Portada","item":"https:\/\/chisvertstudios.com\/"},{"@type":"ListItem","position":2,"name":"Contacto"}]},{"@type":"WebSite","@id":"https:\/\/chisvertstudios.com\/#website","url":"https:\/\/chisvertstudios.com\/","name":"Chisvert Studios","description":"Student residence in Alfara","potentialAction":[{"@type":"SearchAction","target":{"@type":"EntryPoint","urlTemplate":"https:\/\/chisvertstudios.com\/?s={search_term_string}"},"query-input":{"@type":"PropertyValueSpecification","valueRequired":true,"valueName":"search_term_string"}}],"inLanguage":"en-GB"}]}},"_links":{"self":[{"href":"https:\/\/chisvertstudios.com\/en\/wp-json\/wp\/v2\/pages\/33","targetHints":{"allow":["GET"]}}],"collection":[{"href":"https:\/\/chisvertstudios.com\/en\/wp-json\/wp\/v2\/pages"}],"about":[{"href":"https:\/\/chisvertstudios.com\/en\/wp-json\/wp\/v2\/types\/page"}],"author":[{"embeddable":true,"href":"https:\/\/chisvertstudios.com\/en\/wp-json\/wp\/v2\/users\/1"}],"replies":[{"embeddable":true,"href":"https:\/\/chisvertstudios.com\/en\/wp-json\/wp\/v2\/comments?post=33"}],"version-history":[{"count":16,"href":"https:\/\/chisvertstudios.com\/en\/wp-json\/wp\/v2\/pages\/33\/revisions"}],"predecessor-version":[{"id":416,"href":"https:\/\/chisvertstudios.com\/en\/wp-json\/wp\/v2\/pages\/33\/revisions\/416"}],"wp:attachment":[{"href":"https:\/\/chisvertstudios.com\/en\/wp-json\/wp\/v2\/media?parent=33"}],"curies":[{"name":"wp","href":"https:\/\/api.w.org\/{rel}","templated":true}]}}